{"id":24,"date":"2017-09-23T16:25:49","date_gmt":"2017-09-23T16:25:49","guid":{"rendered":"http:\/\/bsw2018.seenet-mtp.info\/bw2018\/?page_id=24"},"modified":"2018-04-09T16:08:27","modified_gmt":"2018-04-09T16:08:27","slug":"travel-information","status":"publish","type":"page","link":"https:\/\/www.seenet-mtp.info\/bsw2018\/bw2018\/travel-information\/","title":{"rendered":"Travel Information"},"content":{"rendered":"<p>City of Ni\u0161 is situated in the Ni\u0161ava valley where it joins the Ju\u017ena Morava River. City of Ni\u0161 is the crossroads of the most important Balkan and European traffic routes. The territory of the City is intersected by three important directions of international road and railway traffic \u2013 several roads that connect the Balkans with Central and Western Europe, including Corridor X, and the axis which connects the Adriatic, Aegean and Black Sea intersect the territory of City of Ni\u0161.<\/p>\n<p>These roads have been widely known from the ancient times, because they represented the beaten tracks along which peoples, goods and armies moved. Known as Via Militaris in Roman and Byzantine periods, or Constantinople road in the Middle Ages and the period of the Turkish rule, these roads still represent major European traffic arteries. Thus, the City stands at the point of intersection of the roads connecting Asia Minor and Europe, the Black Sea and the Mediterranean, for its location is a favorable one.<\/p>\n<p>Ni\u0161 can be reached:<\/p>\n<ul>\n<li><strong>by plane<\/strong>\n<ul>\n<li><a href=\"http:\/\/www.nis-airport.com\/\">Ni\u0161 Constantine the Great Airport<\/a> is the second airport by size in Serbia (after Belgrade\u2019s Nikola Tesla airport). It was renovated in 2003.<\/li>\n<li>Seasonal timetable &#8211; <a href=\"http:\/\/nis-airport.com\/en\/summer-season-2018\/\">Summer 2018<\/a>.<\/li>\n<li>Airlines: <a href=\"http:\/\/www.wizzair.com\/\">Wizz Air<\/a>, <a href=\"http:\/\/www.ryanair.com\/\">Ryanair<\/a>, <a href=\"https:\/\/www.swiss.com\/rs\/en\">Swiss<\/a>, <a href=\"http:\/\/www.germania.ch\/\">Germania<\/a>.<\/li>\n<li>More information about to\/from Belgrade are available at <a href=\"http:\/\/www.beg.aero\/welcome.54.html\">Airport \u201cNikola Tesla\u201d, Belgrade<\/a><\/li>\n<\/ul>\n<\/li>\n<li><strong>by bus<\/strong>\n<ul>\n<li>From <strong>Belgrade to Ni\u0161<\/strong>: 07:05, 07:40, 10:15, 11:50, 14:20, 16:15, 17:10, 20:00, 22:00, 23:15 (The bus ride usually takes 3 hours, costs about 10 Euro-one way ticket and about 17 Euro-return ticket)<\/li>\n<li>From <strong>Ni\u0161 to Belgrade<\/strong>: 00:40, 02:30, 05:50, 07:00, 09:00, 11:50, 13:20, 15:00, 17:00, 17:20, 19:00, 21:30<\/li>\n<\/ul>\n<\/li>\n<li><strong>by car<\/strong>\n<ul>\n<li>From Belgrade &#8211; directions are available at\u00a0<a href=\"https:\/\/www.google.com\/maps\/dir\/Belgrade,+Serbia\/Ni%C5%A1,+Serbia\/@44.0571341,20.4823314,9z\/am=t\/data=!4m16!4m15!1m5!1m1!1s0x475a7aa3d7b53fbd:0x1db8645cf2177ee4!2m2!1d20.4489216!2d44.786568!1m5!1m1!1s0x4755b0c240c81f65:0x56319fe3122ac3cd!2m2!1d21.8957589!2d43.3209022!2m1!3b1!3e0\">Google Maps<\/a>.<\/li>\n<li>From Sofia &#8211; directions are available at <a href=\"https:\/\/www.google.com\/maps\/dir\/Sofia,+Bulgaria\/Ni%C5%A1,+Serbia\/@43.0239091,22.3086982,10z\/data=!3m1!4b1!4m16!4m15!1m5!1m1!1s0x40aa8682cb317bf5:0x400a01269bf5e60!2m2!1d23.3218675!2d42.6977082!1m5!1m1!1s0x4755b0c240c81f65:0x56319fe3122ac3cd!2m2!1d21.8957589!2d43.3209022!2m1!3b1!3e0\">Google Maps<\/a>.<\/li>\n<li>From Thessaloniki &#8211;\u00a0directions are available at <a href=\"https:\/\/www.google.com\/maps\/dir\/Thessaloniki,+Greece\/Ni%C5%A1,+Serbia\/@41.9766808,21.4194195,8z\/am=t\/data=!4m16!4m15!1m5!1m1!1s0x14a838f41428e0ed:0x9bae715b8d574a9!2m2!1d22.9444191!2d40.6400629!1m5!1m1!1s0x4755b0c240c81f65:0x56319fe3122ac3cd!2m2!1d21.8957589!2d43.3209022!2m1!3b1!3e0\">Google Maps<\/a>.<\/li>\n<\/ul>\n<\/li>\n<\/ul>\n<p>The monetary unit is Serbian dinar.<\/p>\n<ul>\n<li>bills: 10, 20, 50, 100, 200, 1000, 5000 dinars<\/li>\n<li>coins: 1 dinar, 2 dinars, 5 dinars<\/li>\n<li>exchange rate: 1 EUR approx. 120 dinars (changes daily)<\/li>\n<\/ul>\n<p align=\"left\"><b>Taxi:<\/b><\/p>\n<ul>\n<li><a href=\"http:\/\/www.brostaxi.rs\/\">www.brostaxi.rs<\/a><\/li>\n<li><a href=\"http:\/\/www.eurotaxinis.com\/\">www.eurotaxinis.com<\/a><\/li>\n<li><a href=\"http:\/\/www.cooltaxi.rs\/\">www.cooltaxi.rs<\/a><\/li>\n<\/ul>\n<h3>Useful links:<\/h3>\n<ul>\n<li><a href=\"http:\/\/www.visitnis.com\/\">Visit Ni\u0161<\/a> (Tourism organisation of Ni\u0161)<\/li>\n<li><a href=\"https:\/\/www.lonelyplanet.com\/serbia\/southern-serbia\/nis\">Ni\u0161 Travel<\/a> (Lonely Planet)<\/li>\n<li><a href=\"https:\/\/www.tripadvisor.com\/Attractions-g295382-Activities-Nis_Central_Serbia.html\">Ni\u0161<\/a> (Tripadvisor)<\/li>\n<li><a href=\"http:\/\/www.nis-ekspres.rs\/redvoznje.php\">Ni\u0161-Eskpres<\/a>\u00a0(bus sation i Ni\u0161)<\/li>\n<li><a href=\"http:\/\/nis-airport.com\/en\/\">Airport \u201cKonstantin Veliki\u201d, Ni\u0161<\/a><\/li>\n<li><a href=\"http:\/\/www.bas.rs\/basweb_eng\/RedVoznje.aspx?lng=en\">BAS \u2013 Belgrade Bus Station (timetable)<\/a><\/li>\n<li><a href=\"http:\/\/www.beg.aero\/welcome.54.html\">Airport \u201cNikola Tesla\u201d, Belgrade<\/a><\/li>\n<li><a href=\"http:\/\/serbianrailways.com\/\">Serbian Railways<\/a><\/li>\n<li><a href=\"http:\/\/www.accuweather.com\/en-us\/rs\/ni%C5%A1ava\/nis\/quick-look.aspx\">Weather forecast &#8211; Ni\u0161<\/a><\/li>\n<\/ul>\n<p><em>More details will be given later.<\/em><\/p>\n<p><iframe loading=\"lazy\" src=\"https:\/\/www.google.com\/maps\/d\/u\/1\/embed?mid=1LRgbWExoRN3PpAKtR3yO_cBzcVsvVjpw\" width=\"640\" height=\"480\"><\/iframe><\/p>\n<p>Please, click on markers for more information about highlighted locations.<\/p>\n<p>&nbsp;<\/p>\n","protected":false},"excerpt":{"rendered":"<p>City of Ni\u0161 is situated in the Ni\u0161ava valley where it joins the Ju\u017ena Morava River. City of Ni\u0161 is the crossroads of the most important Balkan and European traffic routes. The territory of the [&hellip;]<\/p>\n","protected":false},"author":2,"featured_media":0,"parent":0,"menu_order":0,"comment_status":"closed","ping_status":"closed","template":"","meta":{"jetpack_post_was_ever_published":false,"footnotes":""},"class_list":["post-24","page","type-page","status-publish","hentry"],"jetpack_sharing_enabled":true,"jetpack_shortlink":"https:\/\/wp.me\/Pa0aP5-o","jetpack-related-posts":[],"_links":{"self":[{"href":"https:\/\/www.seenet-mtp.info\/bsw2018\/bw2018\/wp-json\/wp\/v2\/pages\/24","targetHints":{"allow":["GET"]}}],"collection":[{"href":"https:\/\/www.seenet-mtp.info\/bsw2018\/bw2018\/wp-json\/wp\/v2\/pages"}],"about":[{"href":"https:\/\/www.seenet-mtp.info\/bsw2018\/bw2018\/wp-json\/wp\/v2\/types\/page"}],"author":[{"embeddable":true,"href":"https:\/\/www.seenet-mtp.info\/bsw2018\/bw2018\/wp-json\/wp\/v2\/users\/2"}],"replies":[{"embeddable":true,"href":"https:\/\/www.seenet-mtp.info\/bsw2018\/bw2018\/wp-json\/wp\/v2\/comments?post=24"}],"version-history":[{"count":4,"href":"https:\/\/www.seenet-mtp.info\/bsw2018\/bw2018\/wp-json\/wp\/v2\/pages\/24\/revisions"}],"predecessor-version":[{"id":187,"href":"https:\/\/www.seenet-mtp.info\/bsw2018\/bw2018\/wp-json\/wp\/v2\/pages\/24\/revisions\/187"}],"wp:attachment":[{"href":"https:\/\/www.seenet-mtp.info\/bsw2018\/bw2018\/wp-json\/wp\/v2\/media?parent=24"}],"curies":[{"name":"wp","href":"https:\/\/api.w.org\/{rel}","templated":true}]}}