{"id":222,"date":"2018-05-25T21:52:43","date_gmt":"2018-05-25T19:52:43","guid":{"rendered":"http:\/\/www.seenet-mtp.info\/bsw2018\/bw2018\/?page_id=222"},"modified":"2018-06-21T16:15:38","modified_gmt":"2018-06-21T14:15:38","slug":"list-of-participants","status":"publish","type":"page","link":"https:\/\/www.seenet-mtp.info\/bsw2018\/bw2018\/list-of-participants\/","title":{"rendered":"List of Participants"},"content":{"rendered":"<p>Preliminary list of participants:<\/p>\n<ul>\n<li>Jelena Aleksi\u0107 (Ni\u0161, Serbia)<\/li>\n<li>Oleg Antipin (Zagreb, Croatia)<\/li>\n<li>Ignatios Antoniadis (Bern, Switzerland)<\/li>\n<li>Elena Mirela Babalic (Bucharest-Magurele, Romania)<\/li>\n<li>Borut Bajc (Ljubljana, Slovenia)<\/li>\n<li>Nevenko Bili\u0107 (Zagreb, Croatia)<\/li>\n<li>Nicu Bizdoaca (Craiova, Romania)<\/li>\n<li>Diego Blas (London, United Kingdom)<\/li>\n<li>Loriano Bonora (Trieste, Italy)<\/li>\n<li>Dusko Borka (Belgrade, Serbia)<\/li>\n<li>Vesna Borka Jovanovic (Belgrade, Serbia)<\/li>\n<li>Philippe Brax (Gif\/Yvette, France)<\/li>\n<li>Viorel Ciornea (Chisinau, Moldova)<\/li>\n<li>Victor Coban (Chisinau, Moldova)<\/li>\n<li>Radu Constantinescu (Craiova, Romania)<\/li>\n<li>Paolo Creminelli (Trieste, Italy)<\/li>\n<li>Danilo Deliba\u0161i\u0107 (Ni\u0161, Serbia)<\/li>\n<li>Cemsinan Deliduman (Istanbul, Turkey)<\/li>\n<li>Dragoljub Dimitrijevi\u0107 (Ni\u0161, Serbia)<\/li>\n<li>Ivan Dimitrijevi\u0107 (Belgrade, Serbia)<\/li>\n<li>Marija Dimitrijevic Ciric (Belgrade, Serbia)<\/li>\n<li>Marko Dimitrijevi\u0107 (Ni\u0161, Serbia)<\/li>\n<li>Goran Djordjevic (Ni\u0161, Serbia)<\/li>\n<li>Miroljub Dugic (Kragujevac, Serbia)<\/li>\n<li>Borislav Gaji\u0107 (Belgrade, Serbia)<\/li>\n<li>Nikola Godinovi\u0107 (Split, Croatia)<\/li>\n<li>Dragan Huterer (Ann Arbor, MI, United States)<\/li>\n<li>Gabriela Iacobescu (Craiova, Romania)<\/li>\n<li>Jasmina Jekni\u0107 Dugi\u0107 (Ni\u0161, Serbia)<\/li>\n<li>Bo\u017eidar Jovanovi\u0107 (Belgrade, Serbia)<\/li>\n<li>Predrag Jovanovic (Belgrade, Serbia)<\/li>\n<li>Oguzhan Kasikci (Istanbul, Turkey)<\/li>\n<li>David Lee (Mulhouse, France)<\/li>\n<li>Predrag Milenovi\u0107 (Geneve, Switzerland)<\/li>\n<li>Milan Milo\u0161evi\u0107 (Ni\u0161, Serbia)<\/li>\n<li>Alexei Morozov (Moscow, Russia)<\/li>\n<li>Ugo Moschella (Milano, Italy)<\/li>\n<li>Ljubi\u0161a Ne\u0161i\u0107 (Ni\u0161, Serbia)<\/li>\n<li>Argyris Nicolaidis (Thessaloniki, Greece)<\/li>\n<li>Kiriakos Papadodimas (Geneve, Switzerland)<\/li>\n<li>Julian Petrisor (Craiova, Romania)<\/li>\n<li>Aleksander Petrov (Sofia, Bulgaria)<\/li>\n<li>Bogdan Popovici (Bucharest-Magurele, Romania)<\/li>\n<li>Tijana Radenkovi\u0107 (Belgrade, Serbia)<\/li>\n<li>Radoslav Rashkov (Sofia, Bulgaria)<\/li>\n<li>Ioannis Rizos (Ioannina, Greece)<\/li>\n<li>Sergey Sibiryakov (CERN, Switzerland)<\/li>\n<li>Yurii Sitenko (Kyiv, Ukraine)<\/li>\n<li>Alexei Starobinsky (Moscow, Russia)<\/li>\n<li>Sabin Stoica (Magurele, Romania)<\/li>\n<li>Marko Stojanovi\u0107 (Ni\u0161, Serbia)<\/li>\n<li>Kyriakos Tamvakis (Ioannina, Greece)<\/li>\n<li>Vildan Tu\u011fyano\u011flu (Istanbul, T\u00fcrkiye)<\/li>\n<li>Kayhan Ulker (Istanbul, Turkey)<\/li>\n<li>Federico Urban (Prague, Czech Republic)<\/li>\n<li>Vitaly Vanchurin (Duluth, United States)<\/li>\n<li>Alexander Vikman (Prague, Czech Republic)<\/li>\n<li>Mihai Visinescu (Magurele, Romania)<\/li>\n<li>Zvonimir Vlah (Geneve, Switzerland)<\/li>\n<li>Rudiger Voss (Mulhouse, Switzerland)<\/li>\n<li>Kostas Vourlias (Thessaloniki, Greece)<\/li>\n<li>Dumitru Vulcanov (Timisoara, Romania)<\/li>\n<li>Utku Zorba (Istanbul, Turkey)<\/li>\n<\/ul>\n","protected":false},"excerpt":{"rendered":"<p>Preliminary list of participants: Jelena Aleksi\u0107 (Ni\u0161, Serbia) Oleg Antipin (Zagreb, Croatia) Ignatios Antoniadis (Bern, Switzerland) Elena Mirela Babalic (Bucharest-Magurele, Romania) Borut Bajc (Ljubljana, Slovenia) Nevenko Bili\u0107 (Zagreb, Croatia) Nicu Bizdoaca (Craiova, Romania) Diego Blas [&hellip;]<\/p>\n","protected":false},"author":2,"featured_media":0,"parent":0,"menu_order":0,"comment_status":"closed","ping_status":"closed","template":"","meta":{"jetpack_post_was_ever_published":false,"footnotes":""},"class_list":["post-222","page","type-page","status-publish","hentry"],"jetpack_sharing_enabled":true,"jetpack_shortlink":"https:\/\/wp.me\/Pa0aP5-3A","jetpack-related-posts":[],"_links":{"self":[{"href":"https:\/\/www.seenet-mtp.info\/bsw2018\/bw2018\/wp-json\/wp\/v2\/pages\/222","targetHints":{"allow":["GET"]}}],"collection":[{"href":"https:\/\/www.seenet-mtp.info\/bsw2018\/bw2018\/wp-json\/wp\/v2\/pages"}],"about":[{"href":"https:\/\/www.seenet-mtp.info\/bsw2018\/bw2018\/wp-json\/wp\/v2\/types\/page"}],"author":[{"embeddable":true,"href":"https:\/\/www.seenet-mtp.info\/bsw2018\/bw2018\/wp-json\/wp\/v2\/users\/2"}],"replies":[{"embeddable":true,"href":"https:\/\/www.seenet-mtp.info\/bsw2018\/bw2018\/wp-json\/wp\/v2\/comments?post=222"}],"version-history":[{"count":3,"href":"https:\/\/www.seenet-mtp.info\/bsw2018\/bw2018\/wp-json\/wp\/v2\/pages\/222\/revisions"}],"predecessor-version":[{"id":513,"href":"https:\/\/www.seenet-mtp.info\/bsw2018\/bw2018\/wp-json\/wp\/v2\/pages\/222\/revisions\/513"}],"wp:attachment":[{"href":"https:\/\/www.seenet-mtp.info\/bsw2018\/bw2018\/wp-json\/wp\/v2\/media?parent=222"}],"curies":[{"name":"wp","href":"https:\/\/api.w.org\/{rel}","templated":true}]}}