{"id":150,"date":"2018-03-19T19:52:33","date_gmt":"2018-03-19T19:52:33","guid":{"rendered":"https:\/\/bsw2018.seenet-mtp.info\/bw2018\/?page_id=150"},"modified":"2018-10-17T16:01:47","modified_gmt":"2018-10-17T14:01:47","slug":"program","status":"publish","type":"page","link":"https:\/\/www.seenet-mtp.info\/bsw2018\/bw2018\/program\/","title":{"rendered":"Program"},"content":{"rendered":"<p><strong>Sunday, 10th June 2018<\/strong><\/p>\n<p style=\"padding-left: 30px;\">Arrival<\/p>\n<p style=\"padding-left: 30px;\"><strong>15:00 \u2013 19:00<\/strong> Registration<br \/>\n<strong>19:00 \u2013 <\/strong>Reserved time<br \/>\nWelcome Cocktail and Dinner<\/p>\n<p><strong>Monday, 11th June 2018<\/strong><\/p>\n<p style=\"padding-left: 30px;\">09:30 \u2013 Opening (<a href=\"https:\/\/youtu.be\/7ss7J0ZxmBw\">Video<\/a>)<\/p>\n<p>Chairman: <strong>Radu Constantinescu<\/strong><\/p>\n<p style=\"padding-left: 30px;\">10:00 \u2013 <strong>Alexei Starobinsky<\/strong> <em><a href=\"http:\/\/www.seenet-mtp.info\/bsw2018\/bw2018\/alexei-starobinsky-new-results-on-inflation-and-pre-inflation-in-modified-gravity\/\">New results on inflation and pre-inflation in modified gravity<\/a><br \/>\n<\/em>11:30 \u2013 <strong>Ignations Antoniadis<\/strong> <em><a href=\"http:\/\/www.seenet-mtp.info\/bsw2018\/bw2018\/ignations-antoniadis-inflation-from-supersymmetry-breaking\/\">Inflation from supersymmetry breaking<\/a><br \/>\n<\/em>11:00 \u2013 <strong>Kyriakos Papadodimas<\/strong> <em>Black holes and Quantum Information<\/em><\/p>\n<p style=\"padding-left: 30px;\">11:30 \u2013 Coffee Break<\/p>\n<p>Chairman: <strong>R\u00fcdiger Voss<\/strong><\/p>\n<p style=\"padding-left: 30px;\">12:00 \u2013 <strong>Paolo Creminelli<\/strong> <em><a href=\"http:\/\/www.seenet-mtp.info\/bsw2018\/bw2018\/paolo-creminelli-dark-energy-after-gw170817\/\">Dark Energy after GW170817<\/a><br \/>\n<\/em>12:30 \u2013 <strong>Nevenko Bili\u0107<\/strong> <a href=\"http:\/\/www.seenet-mtp.info\/bsw2018\/bw2018\/nevenko-bilic-tachyon-inflation-on-the-holographic-braneworld\/\"><em>Tachyon inflation on the holographic braneworld<\/em><\/a><\/p>\n<p style=\"padding-left: 30px;\">Lunch<\/p>\n<p>Chairman: <strong>Kayhan Ulker<\/strong><\/p>\n<p style=\"padding-left: 30px;\">15:00 \u2013 <strong>Ioannis Rizos<\/strong> <em><a href=\"http:\/\/www.seenet-mtp.info\/bsw2018\/bw2018\/ioannis-rizos-aspects-of-non-supersymmetric-string-phenomenology\/\">Aspects of Non-supersymmetric String Phenomenology<\/a><br \/>\n<\/em>15:30 \u2013 <strong>Federico Urban<\/strong> <a href=\"http:\/\/www.seenet-mtp.info\/bsw2018\/bw2018\/federico-urban-genuine-spin-2-dark-matter-from-multigravity\/\"><em>Genuine spin-2 dark matter from multigravity<\/em><\/a><\/p>\n<p style=\"padding-left: 30px;\">16:00 \u2013 Discussion and Coffee<\/p>\n<p style=\"padding-left: 30px;\">18:00 \u2013 Venue:\u00a0<strong>University of Ni\u0161<\/strong> (<a href=\"https:\/\/youtu.be\/NDM2g1i3Ez4\">Video<\/a>)<\/p>\n<p style=\"padding-left: 60px;\"><strong>Vesna Lopi\u010di\u0107<\/strong>\u00a0<a href=\"http:\/\/www.seenet-mtp.info\/bsw2018\/bw2018\/vesna-lopicic-university-of-nis-internationalisation\/\">University of Ni\u0161: Internationalisation<\/a><br \/>\n<strong>David Lee<\/strong> <a href=\"http:\/\/www.seenet-mtp.info\/bsw2018\/bw2018\/david-lee-european-physical-society-1968-2018\/\"><em>European Physical Society (EPS) 1968 &#8211; 2018<\/em><\/a><br \/>\n<strong>R\u00fcdiger Voss<\/strong> <a href=\"http:\/\/www.seenet-mtp.info\/bsw2018\/bw2018\/rudiger-voss-cern-from-a-european-towards-a-global-project\/\"><em>CERN: from a European towards a global project<\/em><\/a><br \/>\n<strong>Ignatios Antoniadis<\/strong> <a href=\"http:\/\/www.seenet-mtp.info\/bsw2018\/bw2018\/ignatios-antoniadis-15-years-of-seenet-mtp\/\"><em>15 Years of the SEENET-MTP Network<\/em><\/a><br \/>\n<strong>Goran Djordjevi\u0107<\/strong>\u00a0<a href=\"http:\/\/www.seenet-mtp.info\/bsw2018\/bw2018\/goran-djordjevic-15-years-of-the-seenet-mtp\/\">Southeastern European Network\u00a0in Mathematical and Theoretical Physics &#8211; 15 Years of the SEENET-MTP &#8211;<\/a><\/p>\n<p style=\"padding-left: 60px;\">19:10 \u2013 Cocktails<br \/>\n20:00 \u2013 Concert \u201c<em>Iz novog sveta<\/em>\u201d<\/p>\n<p><strong>Tuesday, 12th June 2018<\/strong><\/p>\n<p>Chairman: <strong>Loriano Bonora<\/strong><\/p>\n<p style=\"padding-left: 30px;\">09:00 \u2013 <strong>Sergey Sibiryakov<\/strong> <a href=\"http:\/\/www.seenet-mtp.info\/bsw2018\/bw2018\/sergey-sibiryakov-galactic-rotation-curves-vs-ultra-light-dark-matter-implications-of-the-soliton-host-halo-relation\/\"><em>Galactic rotation curves vs. ultra-light dark matter: Implications of the soliton\u2014host halo relation<\/em><\/a><br \/>\n09:30 \u2013 <strong>Zvonimir Vlah<\/strong> <a href=\"http:\/\/www.seenet-mtp.info\/bsw2018\/bw2018\/zvonimir-vlah-lagrangian-perturbation-theory-for-large-scale-structure-formation\/\"><em>Lagrangian perturbation theory for large scale structure formation<\/em><\/a><br \/>\n10:00 \u2013 <strong>Dragan Huterer<\/strong> <em>Mapping the Universe with Dark Energy Survey<\/em><\/p>\n<p style=\"padding-left: 30px;\">10:30 \u2013 Coffee Break<\/p>\n<p>Chairman: <strong>Borut Bajc<\/strong><\/p>\n<p style=\"padding-left: 30px;\">11:00 \u2013 <strong>Oleg Antipin<\/strong> <a href=\"http:\/\/www.seenet-mtp.info\/bsw2018\/bw2018\/oleg-antipin-revisiting-the-decoupling-effects-in-the-running-of-the-cosmological-constant\/\"><em>Revisiting the decoupling effects in the running of the Cosmological Constant<\/em><\/a><br \/>\n11:30 \u2013 <strong>Cemsinan Deliduman<\/strong> <a href=\"http:\/\/www.seenet-mtp.info\/bsw2018\/bw2018\/cemsinan-deliduman-astrophysics-with-weyl-gravity\/\"><em>Astrophysics with Weyl Gravity<\/em><\/a><br \/>\n12:00 \u2013 <strong>Nikola Godinovi\u0107<\/strong> <a href=\"http:\/\/www.seenet-mtp.info\/bsw2018\/bw2018\/nikola-godinovic-the-very-high-energy-gamma-ray-astronomy\/\"><em>The very high energy gamma ray astronomy<\/em><\/a><br \/>\n12:30 \u2013 Discussion<\/p>\n<p style=\"padding-left: 30px;\">13:00 \u2013 Lunch<\/p>\n<p>Chairman: <strong>Federico Urban<\/strong><\/p>\n<p style=\"padding-left: 30px;\">15:30 \u2013 <strong>Vitaly Vanchurin<\/strong> <a href=\"http:\/\/www.seenet-mtp.info\/bsw2018\/bw2018\/vitaly-vanchurin-general-relativity-from-non-equilibrium-thermodynamics-of-quantum-information\/\"><em>General relativity from non-equilibrium thermodynamics of quantum information<\/em><\/a><br \/>\n16:00 \u2013 <strong>Borut Bajc<\/strong> <a href=\"http:\/\/www.seenet-mtp.info\/bsw2018\/bw2018\/borut-bajc-asymptotic-safety\/\"><em>Asymptotic safety<\/em><\/a><br \/>\n16:30 \u2013 <strong>Miroljub Dugi\u0107<\/strong> <a href=\"http:\/\/www.seenet-mtp.info\/bsw2018\/bw2018\/miroljub-dugic-the-concept-of-local-time-quantum-mechanical-and-cosmological-perspectives\/\"><em>The concept of Local Time. Quantum-mechanical and cosmological perspectives<\/em><\/a><\/p>\n<p>17:00 \u2013 Coffee<\/p>\n<p>Chairman: <strong>Dusko Borka<\/strong><\/p>\n<p style=\"padding-left: 30px;\">17:30 \u2013 <strong>Radoslav Rashkov<\/strong> <a href=\"http:\/\/www.seenet-mtp.info\/bsw2018\/bw2018\/radoslav-rashkov-integrable-structures-in-low-dimensional-holography-and-cosmologies\/\"><em>Integrable structures in low-dimensional holography and cosmologies<\/em><\/a><br \/>\n18:00 \u2013 <strong>Loriano Bonora<\/strong> <a href=\"http:\/\/www.seenet-mtp.info\/bsw2018\/bw2018\/loriano-bonora-hs-theories-from-effective-actions\/\"><em>HS theories from effective actions<\/em><\/a><\/p>\n<p style=\"padding-left: 30px;\">18:30 \u2013 Discussion<\/p>\n<p style=\"padding-left: 30px;\">Dinner<\/p>\n<p><strong>Wednesday, 13th June 2018<\/strong><\/p>\n<p>Chairman: <strong>Vitaly Vanchurin<\/strong><\/p>\n<p style=\"padding-left: 30px;\">09:00 \u2013 <strong>Diego Blas<\/strong> <em>Orbits as probes of ultra-light dark matter<br \/>\n<\/em>09:30 \u2013 <strong>Marija Dimitrijevi\u0107 \u0106iri\u0107<\/strong> <a href=\"http:\/\/www.seenet-mtp.info\/bsw2018\/bw2018\/marija-dimitrijevic-ciric-matter-fields-in-so23%e2%8b%86-model-of-noncommutative-gravity\/\"><em>Matter Fields in SO(2,3)<\/em><\/a><em><a href=\"http:\/\/www.seenet-mtp.info\/bsw2018\/bw2018\/marija-dimitrijevic-ciric-matter-fields-in-so23%e2%8b%86-model-of-noncommutative-gravity\/\"><sub>\u22c6<\/sub> Model of Noncommutative Gravity<\/a><br \/>\n<\/em>10:00 \u2013 <strong>Sabin Stoica<\/strong> <a href=\"http:\/\/www.seenet-mtp.info\/bsw2018\/bw2018\/sabin-stoica-double-beta-decay-and-neutrino-properties\/\"><em>Double beta decay and neutrino properties<\/em><\/a><\/p>\n<p style=\"padding-left: 30px;\">10:30 \u2013 Coffee<\/p>\n<p>Chairman: <strong>Predrag Jovanovi\u0107<\/strong><\/p>\n<p style=\"padding-left: 30px;\">11:00 \u2013 <strong>Yurri Sitenko<\/strong> <em><a href=\"http:\/\/www.seenet-mtp.info\/bsw2018\/bw2018\/yurri-sitenko-boundary-effects-for-magnetized-quantum-matter-in-particle-and-astroparticle-physics\/\">Boundary effects for magnetized quantum matter in particle and astroparticle physics<\/a><br \/>\n<\/em>11:30 \u2013 <strong>Mihai Visinescu<\/strong> <em><a href=\"http:\/\/www.seenet-mtp.info\/bsw2018\/bw2018\/mihai-visinescu-action-angle-variables-for-geodesic-motion-on-resolved-metric-cone-over-5-dimensional-space-t11\/\">Action-angle variables for geodesic motion on resolved metric cone over 5-dimensional space T(1,1)<\/a><br \/>\n<\/em>12:00 \u2013 <strong>Predrag Milenovi\u0107<\/strong> <a href=\"http:\/\/www.seenet-mtp.info\/bsw2018\/bw2018\/predrag-milenovic-physics-potential-of-he-hl-lhc-and-future-circular\/\"><em>Physics potential of HE\/HL-LHC and future circular colliders<\/em><\/a><\/p>\n<p style=\"padding-left: 30px;\">12:30 \u2013 Discussion<\/p>\n<p style=\"padding-left: 30px;\">13:00 \u2013 Lunch<\/p>\n<p style=\"padding-left: 30px;\">15:00 \u2013 19:00 City Tour<\/p>\n<p style=\"padding-left: 30px;\">19:00 \u2013 20:00 <strong>Dragan Huterer<\/strong>, <a href=\"http:\/\/www.seenet-mtp.info\/bsw2018\/bw2018\/dragan-huterer-novi-pogledi-na-svemir-public-talk-in-serbian\/\"><em>Novi pogledi na svemir<\/em><\/a>\u00a0&#8211; Public lecture in Serbian (University of Ni\u0161)<\/p>\n<p style=\"padding-left: 30px;\">20:30 \u2013 Workshop Dinner (Hotel &#8220;Tami Residence&#8221;)<\/p>\n<p><strong>Thursday, 14th June 2018<\/strong><\/p>\n<p>Chairman: <strong>Mihai Visinescu<\/strong><\/p>\n<p style=\"padding-left: 30px;\">10:00 \u2013 <strong>Vesna Borka Jovanovi\u0107<\/strong> <em><a href=\"http:\/\/www.seenet-mtp.info\/bsw2018\/bw2018\/vesna-borka-jovanovic-constraining-scalar-tensor-gravity-models-by-s2-star-orbits-around-the-galactic-center\/\">Constraining Scalar-Tensor gravity models by S2 star orbits around the Galactic Center<\/a><br \/>\n<\/em>10:24 \u2013 <strong>Elena Mirela Babalic<\/strong> <em><a href=\"http:\/\/www.seenet-mtp.info\/bsw2018\/bw2018\/elena-mirela-babalic-generalized-alpha-attractor-models-for-hyperbolic-surfaces\/\">Generalized alpha-attractor models for hyperbolic surfaces<\/a><br \/>\n<\/em>10:48 \u2013 <strong>Ivan Dimitrijevi\u0107<\/strong> <em><a href=\"http:\/\/www.seenet-mtp.info\/bsw2018\/bw2018\/ivan-dimitrijevic-nonlocal-cosmology\/\">Nonlocal cosmology<\/a><br \/>\n<\/em>11:12 \u2013 <strong>Milan Milo\u0161evi\u0107<\/strong> <a href=\"http:\/\/www.seenet-mtp.info\/bsw2018\/bw2018\/milan-milosevic-the-shape-of-fe-k%ce%b1-line-emitted-from-relativistic-accretion-disc-around-agn-black-holes\/\"><em>The shape of Fe K\u03b1\u00a0<\/em><\/a><em><a href=\"http:\/\/www.seenet-mtp.info\/bsw2018\/bw2018\/milan-milosevic-the-shape-of-fe-k%ce%b1-line-emitted-from-relativistic-accretion-disc-around-agn-black-holes\/\">line emitted from relativistic accretion disc around AGN black holes<\/a><br \/>\n<\/em>11:36 \u2013 <strong>Dragoljub Dimitrijevi\u0107<\/strong><a href=\"http:\/\/www.seenet-mtp.info\/bsw2018\/bw2018\/dragoljub-dimitrijevic-tachyon-inflation-in-the-rsii-framework\/\"><em> Tachyon Inflation in the RSII Framework<\/em><\/a><\/p>\n<p style=\"padding-left: 30px;\">12:00 \u2013 Coffee Break and Closing<\/p>\n","protected":false},"excerpt":{"rendered":"<p>Sunday, 10th June 2018 Arrival 15:00 \u2013 19:00 Registration 19:00 \u2013 Reserved time Welcome Cocktail and Dinner Monday, 11th June 2018 09:30 \u2013 Opening (Video) Chairman: Radu Constantinescu 10:00 \u2013 Alexei Starobinsky New results on [&hellip;]<\/p>\n","protected":false},"author":2,"featured_media":0,"parent":0,"menu_order":0,"comment_status":"closed","ping_status":"closed","template":"","meta":{"jetpack_post_was_ever_published":false,"footnotes":""},"class_list":["post-150","page","type-page","status-publish","hentry"],"jetpack_sharing_enabled":true,"jetpack_shortlink":"https:\/\/wp.me\/Pa0aP5-2q","jetpack-related-posts":[],"_links":{"self":[{"href":"https:\/\/www.seenet-mtp.info\/bsw2018\/bw2018\/wp-json\/wp\/v2\/pages\/150","targetHints":{"allow":["GET"]}}],"collection":[{"href":"https:\/\/www.seenet-mtp.info\/bsw2018\/bw2018\/wp-json\/wp\/v2\/pages"}],"about":[{"href":"https:\/\/www.seenet-mtp.info\/bsw2018\/bw2018\/wp-json\/wp\/v2\/types\/page"}],"author":[{"embeddable":true,"href":"https:\/\/www.seenet-mtp.info\/bsw2018\/bw2018\/wp-json\/wp\/v2\/users\/2"}],"replies":[{"embeddable":true,"href":"https:\/\/www.seenet-mtp.info\/bsw2018\/bw2018\/wp-json\/wp\/v2\/comments?post=150"}],"version-history":[{"count":5,"href":"https:\/\/www.seenet-mtp.info\/bsw2018\/bw2018\/wp-json\/wp\/v2\/pages\/150\/revisions"}],"predecessor-version":[{"id":636,"href":"https:\/\/www.seenet-mtp.info\/bsw2018\/bw2018\/wp-json\/wp\/v2\/pages\/150\/revisions\/636"}],"wp:attachment":[{"href":"https:\/\/www.seenet-mtp.info\/bsw2018\/bw2018\/wp-json\/wp\/v2\/media?parent=150"}],"curies":[{"name":"wp","href":"https:\/\/api.w.org\/{rel}","templated":true}]}}