{"id":12,"date":"2017-09-23T16:22:03","date_gmt":"2017-09-23T16:22:03","guid":{"rendered":"http:\/\/bsw2018.seenet-mtp.info\/bw2018\/?page_id=12"},"modified":"2018-05-31T18:23:56","modified_gmt":"2018-05-31T16:23:56","slug":"local-organizing-committee","status":"publish","type":"page","link":"https:\/\/www.seenet-mtp.info\/bsw2018\/bw2018\/local-organizing-committee\/","title":{"rendered":"Local Organizing Committee"},"content":{"rendered":"<ul>\n<li>D. Dimitrijevi\u0107 (SEENET-MTP)<\/li>\n<li>R. Constantinescu (Faculty of Sciences,\u00a0 Craiova)<\/li>\n<li>Lj. Ne\u0161i\u0107 (Faculty of Sciences and Mathematics, Ni\u0161)<\/li>\n<li>M. Milo\u0161evi\u0107 (SEENET-MTP)<\/li>\n<li>D. Deliba\u0161i\u0107 (SEENET-MTP)<\/li>\n<li>M. Stojanovi\u0107 (SEENET-MTP)<\/li>\n<\/ul>\n","protected":false},"excerpt":{"rendered":"<p>D. Dimitrijevi\u0107 (SEENET-MTP) R. Constantinescu (Faculty of Sciences,\u00a0 Craiova) Lj. Ne\u0161i\u0107 (Faculty of Sciences and Mathematics, Ni\u0161) M. Milo\u0161evi\u0107 (SEENET-MTP) D. Deliba\u0161i\u0107 (SEENET-MTP) M. Stojanovi\u0107 (SEENET-MTP)<\/p>\n","protected":false},"author":2,"featured_media":0,"parent":0,"menu_order":0,"comment_status":"closed","ping_status":"closed","template":"","meta":{"jetpack_post_was_ever_published":false,"footnotes":""},"class_list":["post-12","page","type-page","status-publish","hentry"],"jetpack_sharing_enabled":true,"jetpack_shortlink":"https:\/\/wp.me\/Pa0aP5-c","jetpack-related-posts":[],"_links":{"self":[{"href":"https:\/\/www.seenet-mtp.info\/bsw2018\/bw2018\/wp-json\/wp\/v2\/pages\/12","targetHints":{"allow":["GET"]}}],"collection":[{"href":"https:\/\/www.seenet-mtp.info\/bsw2018\/bw2018\/wp-json\/wp\/v2\/pages"}],"about":[{"href":"https:\/\/www.seenet-mtp.info\/bsw2018\/bw2018\/wp-json\/wp\/v2\/types\/page"}],"author":[{"embeddable":true,"href":"https:\/\/www.seenet-mtp.info\/bsw2018\/bw2018\/wp-json\/wp\/v2\/users\/2"}],"replies":[{"embeddable":true,"href":"https:\/\/www.seenet-mtp.info\/bsw2018\/bw2018\/wp-json\/wp\/v2\/comments?post=12"}],"version-history":[{"count":1,"href":"https:\/\/www.seenet-mtp.info\/bsw2018\/bw2018\/wp-json\/wp\/v2\/pages\/12\/revisions"}],"predecessor-version":[{"id":237,"href":"https:\/\/www.seenet-mtp.info\/bsw2018\/bw2018\/wp-json\/wp\/v2\/pages\/12\/revisions\/237"}],"wp:attachment":[{"href":"https:\/\/www.seenet-mtp.info\/bsw2018\/bw2018\/wp-json\/wp\/v2\/media?parent=12"}],"curies":[{"name":"wp","href":"https:\/\/api.w.org\/{rel}","templated":true}]}}